{"id":176,"date":"2020-09-11T14:16:37","date_gmt":"2020-09-11T12:16:37","guid":{"rendered":"urn:uuid:dc83c3c1-9d6d-41aa-a58c-c40f679f8f2f"},"modified":"2025-08-12T16:19:36","modified_gmt":"2025-08-12T14:19:36","slug":"centre-de-soutien-aux-entreprises","status":"publish","type":"page","link":"https:\/\/www.cccbs.ch\/fr\/services\/centre-de-soutien-aux-entreprises\/","title":{"rendered":"Centre de soutien aux entreprises"},"content":{"rendered":"\n<div class=\"wp-block-mind-header wp-block-mind-header-layout-compact aligncompact\"\n    \n>\n    <header class=\"headerMain\">\n                            \n        <div class=\"headerMain-text autospace \" data-aos=\"\" data-aos-delay=\"500\">\n                            \n                                                            \n<h1 class=\"heading-1\" id=\"main-title\"><\/h1>\n\n                        \n\n\n\n<p class=\"is-style-lead\">Notre service d'assistance aux entreprises prend en charge toutes les t\u00e2ches de back-office.<\/p>\n\n\n                                                        <\/div>\n    <\/header>\n<\/div>\n\n\n\n<p class=\"is-style-lead\">Pour que vous puissiez vous concentrer sur la fourniture de vos propres prestations et sur vos comp\u00e9tences cl\u00e9s.<\/p>\n\n\n\n<ol class=\"wp-block-list is-style-lead\">\n<li>Vous avez besoin de quelqu'un pour g\u00e9rer la comptabilit\u00e9 et l'administration de votre entreprise ?<br><\/li>\n\n\n\n<li>Qui r\u00e9pond de mani\u00e8re professionnelle, rapide et comp\u00e9tente aux appels t\u00e9l\u00e9phoniques et aux demandes par e-mail de vos clients ?<br><\/li>\n\n\n\n<li>Qui traite les commandes de vos clients et les pr\u00e9pare pour la fourniture de la prestation ?<\/li>\n<\/ol>\n\n\n\n<h2 class=\"wp-block-heading\">Comment pouvons-nous vous aider ? <\/h2>\n\n\n\n<p class=\"is-style-lead\">CCCBusiness Service AG vous fournit des prestations de back-office en votre nom et pour votre compte, afin que vous puissiez vous concentrer enti\u00e8rement sur vos t\u00e2ches principales et augmenter vos b\u00e9n\u00e9fices.<\/p>\n\n\n\n<div class=\"wp-block-group is-layout-flow wp-block-group-is-layout-flow\">\n<p class=\"has-text-align-center is-style-jumbo\"><strong>Le facteur C.<br><\/strong>Ind\u00e9pendant et exp\u00e9riment\u00e9.<\/p>\n<\/div>\n","protected":false},"excerpt":{"rendered":"<p>Unser Business Support Service nimmt Ihnen alle Backoffice-Arbeiten ab.<\/p>\n","protected":false},"author":1,"featured_media":322,"parent":8,"menu_order":7,"comment_status":"closed","ping_status":"closed","template":"","meta":{"_acf_changed":false,"editor_notices":[],"footnotes":"","eyecatcher_title":"","eyecatcher_text":"","eyecatcher_link":"","eyecatcher_icon_position":"","eyecatcher_icon":0},"class_list":["post-176","page","type-page","status-publish","has-post-thumbnail","hentry"],"yoast_head":"<!-- This site is optimized with the Yoast SEO plugin v27.4 - https:\/\/yoast.com\/product\/yoast-seo-wordpress\/ -->\n<title>Centre de soutien aux entreprises - CCCBusiness Service AG<\/title>\n<meta name=\"robots\" content=\"index, follow, max-snippet:-1, max-image-preview:large, max-video-preview:-1\" \/>\n<link rel=\"canonical\" href=\"https:\/\/www.cccbs.ch\/fr\/services\/centre-de-soutien-aux-entreprises\/\" \/>\n<meta property=\"og:locale\" content=\"fr_FR\" \/>\n<meta property=\"og:type\" content=\"article\" \/>\n<meta property=\"og:title\" content=\"Centre de soutien aux entreprises - CCCBusiness Service AG\" \/>\n<meta property=\"og:description\" content=\"Unser Business Support Service nimmt Ihnen alle Backoffice-Arbeiten ab.\" \/>\n<meta property=\"og:url\" content=\"https:\/\/www.cccbs.ch\/fr\/services\/centre-de-soutien-aux-entreprises\/\" \/>\n<meta property=\"og:site_name\" content=\"CCCBusiness Service AG\" \/>\n<meta property=\"article:modified_time\" content=\"2025-08-12T14:19:36+00:00\" \/>\n<meta property=\"og:image\" content=\"https:\/\/www.cccbs.ch\/fr\/wp-content\/uploads\/sites\/3\/2020\/10\/ccc_2020_001424-web.jpg\" \/>\n\t<meta property=\"og:image:width\" content=\"2281\" \/>\n\t<meta property=\"og:image:height\" content=\"1521\" \/>\n\t<meta property=\"og:image:type\" content=\"image\/jpeg\" \/>\n<meta name=\"twitter:card\" content=\"summary_large_image\" \/>\n<meta name=\"twitter:image\" content=\"https:\/\/www.cccbs.ch\/fr\/wp-content\/uploads\/sites\/3\/2020\/10\/ccc_2020_001424-web.jpg\" \/>\n<meta name=\"twitter:label1\" content=\"Dur\u00e9e de lecture estim\u00e9e\" \/>\n\t<meta name=\"twitter:data1\" content=\"1 minute\" \/>\n<script type=\"application\/ld+json\" class=\"yoast-schema-graph\">{\"@context\":\"https:\\\/\\\/schema.org\",\"@graph\":[{\"@type\":[\"Place\",\"Organization\",\"LocalBusiness\"],\"@id\":\"https:\\\/\\\/www.cccbs.ch\\\/fr\\\/#\\\/schema\\\/location\\\/135\",\"name\":\"CCCBusiness Service AG\",\"url\":\"https:\\\/\\\/www.cccbs.ch\\\/fr\\\/\",\"address\":{\"@type\":\"PostalAddress\",\"@id\":\"https:\\\/\\\/www.cccbs.ch\\\/fr\\\/#\\\/schema\\\/address\\\/135\",\"streetAddress\":\"B\u00e4ulerwisenstrasse 3\",\"addressLocality\":\"Glattbrugg\",\"addressRegion\":\"Z\u00fcrich\",\"postalCode\":\"8152\",\"addressCountry\":\"CH\"},\"telephone\":\"+41 44 809 44 66\",\"email\":\"info@cccbs.ch\",\"logo\":{\"@type\":\"ImageObject\",\"inLanguage\":\"fr-FR\",\"@id\":\"https:\\\/\\\/www.cccbs.ch\\\/fr\\\/#\\\/schema\\\/logo\\\/image\\\/\",\"url\":\"\",\"contentUrl\":\"\",\"caption\":\"CCCBusiness Service AG\"},\"image\":{\"@id\":\"https:\\\/\\\/www.cccbs.ch\\\/fr\\\/#\\\/schema\\\/logo\\\/image\\\/\"}},{\"@type\":\"WebPage\",\"@id\":\"https:\\\/\\\/www.cccbs.ch\\\/fr\\\/services\\\/centre-de-soutien-aux-entreprises\\\/\",\"url\":\"https:\\\/\\\/www.cccbs.ch\\\/fr\\\/services\\\/centre-de-soutien-aux-entreprises\\\/\",\"name\":\"Centre de soutien aux entreprises - CCCBusiness Service AG\",\"isPartOf\":{\"@id\":\"https:\\\/\\\/www.cccbs.ch\\\/fr\\\/#website\"},\"primaryImageOfPage\":{\"@id\":\"https:\\\/\\\/www.cccbs.ch\\\/fr\\\/services\\\/centre-de-soutien-aux-entreprises\\\/#primaryimage\"},\"image\":{\"@id\":\"https:\\\/\\\/www.cccbs.ch\\\/fr\\\/services\\\/centre-de-soutien-aux-entreprises\\\/#primaryimage\"},\"thumbnailUrl\":\"https:\\\/\\\/www.cccbs.ch\\\/fr\\\/wp-content\\\/uploads\\\/sites\\\/3\\\/2020\\\/10\\\/ccc_2020_001424-web.jpg\",\"datePublished\":\"2020-09-11T12:16:37+00:00\",\"dateModified\":\"2025-08-12T14:19:36+00:00\",\"breadcrumb\":{\"@id\":\"https:\\\/\\\/www.cccbs.ch\\\/fr\\\/services\\\/centre-de-soutien-aux-entreprises\\\/#breadcrumb\"},\"inLanguage\":\"fr-FR\",\"potentialAction\":[{\"@type\":\"ReadAction\",\"target\":[\"https:\\\/\\\/www.cccbs.ch\\\/fr\\\/services\\\/centre-de-soutien-aux-entreprises\\\/\"]}]},{\"@type\":\"ImageObject\",\"inLanguage\":\"fr-FR\",\"@id\":\"https:\\\/\\\/www.cccbs.ch\\\/fr\\\/services\\\/centre-de-soutien-aux-entreprises\\\/#primaryimage\",\"url\":\"https:\\\/\\\/www.cccbs.ch\\\/fr\\\/wp-content\\\/uploads\\\/sites\\\/3\\\/2020\\\/10\\\/ccc_2020_001424-web.jpg\",\"contentUrl\":\"https:\\\/\\\/www.cccbs.ch\\\/fr\\\/wp-content\\\/uploads\\\/sites\\\/3\\\/2020\\\/10\\\/ccc_2020_001424-web.jpg\",\"width\":2281,\"height\":1521},{\"@type\":\"BreadcrumbList\",\"@id\":\"https:\\\/\\\/www.cccbs.ch\\\/fr\\\/services\\\/centre-de-soutien-aux-entreprises\\\/#breadcrumb\",\"itemListElement\":[{\"@type\":\"ListItem\",\"position\":1,\"name\":\"Home\",\"item\":\"https:\\\/\\\/www.cccbs.ch\\\/fr\\\/\"},{\"@type\":\"ListItem\",\"position\":2,\"name\":\"Services\",\"item\":\"https:\\\/\\\/www.cccbs.ch\\\/fr\\\/services\\\/\"},{\"@type\":\"ListItem\",\"position\":3,\"name\":\"Centre de soutien aux entreprises\"}]},{\"@type\":\"WebSite\",\"@id\":\"https:\\\/\\\/www.cccbs.ch\\\/fr\\\/#website\",\"url\":\"https:\\\/\\\/www.cccbs.ch\\\/fr\\\/\",\"name\":\"CCCBusiness Service AG\",\"description\":\"\",\"potentialAction\":[{\"@type\":\"SearchAction\",\"target\":{\"@type\":\"EntryPoint\",\"urlTemplate\":\"https:\\\/\\\/www.cccbs.ch\\\/fr\\\/?s={search_term_string}\"},\"query-input\":{\"@type\":\"PropertyValueSpecification\",\"valueRequired\":true,\"valueName\":\"search_term_string\"}}],\"inLanguage\":\"fr-FR\",\"publisher\":{\"@id\":\"https:\\\/\\\/www.cccbs.ch\\\/fr\\\/#\\\/schema\\\/location\\\/135\"}}]}<\/script>\n<!-- \/ Yoast SEO plugin. -->","yoast_head_json":{"title":"Centre de soutien aux entreprises - CCCBusiness Service AG","robots":{"index":"index","follow":"follow","max-snippet":"max-snippet:-1","max-image-preview":"max-image-preview:large","max-video-preview":"max-video-preview:-1"},"canonical":"https:\/\/www.cccbs.ch\/fr\/services\/centre-de-soutien-aux-entreprises\/","og_locale":"fr_FR","og_type":"article","og_title":"Centre de soutien aux entreprises - CCCBusiness Service AG","og_description":"Unser Business Support Service nimmt Ihnen alle Backoffice-Arbeiten ab.","og_url":"https:\/\/www.cccbs.ch\/fr\/services\/centre-de-soutien-aux-entreprises\/","og_site_name":"CCCBusiness Service AG","article_modified_time":"2025-08-12T14:19:36+00:00","og_image":[{"width":2281,"height":1521,"url":"https:\/\/www.cccbs.ch\/fr\/wp-content\/uploads\/sites\/3\/2020\/10\/ccc_2020_001424-web.jpg","type":"image\/jpeg"}],"twitter_card":"summary_large_image","twitter_image":"https:\/\/www.cccbs.ch\/fr\/wp-content\/uploads\/sites\/3\/2020\/10\/ccc_2020_001424-web.jpg","twitter_misc":{"Dur\u00e9e de lecture estim\u00e9e":"1 minute"},"schema":{"@context":"https:\/\/schema.org","@graph":[{"@type":["Place","Organization","LocalBusiness"],"@id":"https:\/\/www.cccbs.ch\/fr\/#\/schema\/location\/135","name":"CCCBusiness Service AG","url":"https:\/\/www.cccbs.ch\/fr\/","address":{"@type":"PostalAddress","@id":"https:\/\/www.cccbs.ch\/fr\/#\/schema\/address\/135","streetAddress":"B\u00e4ulerwisenstrasse 3","addressLocality":"Glattbrugg","addressRegion":"Z\u00fcrich","postalCode":"8152","addressCountry":"CH"},"telephone":"+41 44 809 44 66","email":"info@cccbs.ch","logo":{"@type":"ImageObject","inLanguage":"fr-FR","@id":"https:\/\/www.cccbs.ch\/fr\/#\/schema\/logo\/image\/","url":"","contentUrl":"","caption":"CCCBusiness Service AG"},"image":{"@id":"https:\/\/www.cccbs.ch\/fr\/#\/schema\/logo\/image\/"}},{"@type":"WebPage","@id":"https:\/\/www.cccbs.ch\/fr\/services\/centre-de-soutien-aux-entreprises\/","url":"https:\/\/www.cccbs.ch\/fr\/services\/centre-de-soutien-aux-entreprises\/","name":"Centre de soutien aux entreprises - CCCBusiness Service AG","isPartOf":{"@id":"https:\/\/www.cccbs.ch\/fr\/#website"},"primaryImageOfPage":{"@id":"https:\/\/www.cccbs.ch\/fr\/services\/centre-de-soutien-aux-entreprises\/#primaryimage"},"image":{"@id":"https:\/\/www.cccbs.ch\/fr\/services\/centre-de-soutien-aux-entreprises\/#primaryimage"},"thumbnailUrl":"https:\/\/www.cccbs.ch\/fr\/wp-content\/uploads\/sites\/3\/2020\/10\/ccc_2020_001424-web.jpg","datePublished":"2020-09-11T12:16:37+00:00","dateModified":"2025-08-12T14:19:36+00:00","breadcrumb":{"@id":"https:\/\/www.cccbs.ch\/fr\/services\/centre-de-soutien-aux-entreprises\/#breadcrumb"},"inLanguage":"fr-FR","potentialAction":[{"@type":"ReadAction","target":["https:\/\/www.cccbs.ch\/fr\/services\/centre-de-soutien-aux-entreprises\/"]}]},{"@type":"ImageObject","inLanguage":"fr-FR","@id":"https:\/\/www.cccbs.ch\/fr\/services\/centre-de-soutien-aux-entreprises\/#primaryimage","url":"https:\/\/www.cccbs.ch\/fr\/wp-content\/uploads\/sites\/3\/2020\/10\/ccc_2020_001424-web.jpg","contentUrl":"https:\/\/www.cccbs.ch\/fr\/wp-content\/uploads\/sites\/3\/2020\/10\/ccc_2020_001424-web.jpg","width":2281,"height":1521},{"@type":"BreadcrumbList","@id":"https:\/\/www.cccbs.ch\/fr\/services\/centre-de-soutien-aux-entreprises\/#breadcrumb","itemListElement":[{"@type":"ListItem","position":1,"name":"Home","item":"https:\/\/www.cccbs.ch\/fr\/"},{"@type":"ListItem","position":2,"name":"Services","item":"https:\/\/www.cccbs.ch\/fr\/services\/"},{"@type":"ListItem","position":3,"name":"Centre de soutien aux entreprises"}]},{"@type":"WebSite","@id":"https:\/\/www.cccbs.ch\/fr\/#website","url":"https:\/\/www.cccbs.ch\/fr\/","name":"CCCBusiness Service AG","description":"","potentialAction":[{"@type":"SearchAction","target":{"@type":"EntryPoint","urlTemplate":"https:\/\/www.cccbs.ch\/fr\/?s={search_term_string}"},"query-input":{"@type":"PropertyValueSpecification","valueRequired":true,"valueName":"search_term_string"}}],"inLanguage":"fr-FR","publisher":{"@id":"https:\/\/www.cccbs.ch\/fr\/#\/schema\/location\/135"}}]}},"_links":{"self":[{"href":"https:\/\/www.cccbs.ch\/fr\/wp-json\/wp\/v2\/pages\/176","targetHints":{"allow":["GET"]}}],"collection":[{"href":"https:\/\/www.cccbs.ch\/fr\/wp-json\/wp\/v2\/pages"}],"about":[{"href":"https:\/\/www.cccbs.ch\/fr\/wp-json\/wp\/v2\/types\/page"}],"author":[{"embeddable":true,"href":"https:\/\/www.cccbs.ch\/fr\/wp-json\/wp\/v2\/users\/1"}],"replies":[{"embeddable":true,"href":"https:\/\/www.cccbs.ch\/fr\/wp-json\/wp\/v2\/comments?post=176"}],"version-history":[{"count":9,"href":"https:\/\/www.cccbs.ch\/fr\/wp-json\/wp\/v2\/pages\/176\/revisions"}],"predecessor-version":[{"id":2390,"href":"https:\/\/www.cccbs.ch\/fr\/wp-json\/wp\/v2\/pages\/176\/revisions\/2390"}],"up":[{"embeddable":true,"href":"https:\/\/www.cccbs.ch\/fr\/wp-json\/wp\/v2\/pages\/8"}],"wp:featuredmedia":[{"embeddable":true,"href":"https:\/\/www.cccbs.ch\/fr\/wp-json\/wp\/v2\/media\/322"}],"wp:attachment":[{"href":"https:\/\/www.cccbs.ch\/fr\/wp-json\/wp\/v2\/media?parent=176"}],"curies":[{"name":"wp","href":"https:\/\/api.w.org\/{rel}","templated":true}]}}